{"id":1899,"date":"2024-04-03T11:03:55","date_gmt":"2024-04-03T01:03:55","guid":{"rendered":"https:\/\/securityeyes.com.au\/wordpress\/?post_type=product&#038;p=1899"},"modified":"2026-01-06T15:29:20","modified_gmt":"2026-01-06T05:29:20","slug":"video-intercom-kit","status":"publish","type":"product","link":"https:\/\/securityeyes.com.au\/wordpress\/index.php\/product\/video-intercom-kit\/","title":{"rendered":"Hikvision &#8211; Video Intercom KIT"},"content":{"rendered":"<ul class=\"product_description_item-list\">\n<li class=\"product_description_item\">IP video intercom bundle for villa or house<\/li>\n<li class=\"product_description_item\">One call button for easier calls<\/li>\n<li class=\"product_description_item\">Stores messages and captured pictures in the TF card<\/li>\n<li class=\"product_description_item\">Convenient Hik-Connect APP Mobile Control<\/li>\n<li class=\"product_description_item\">Including: DS-KD8003-IME1(B)\/Surface \u00d7 1, DS-KH6320-WTE1 \u00d7 1, 4-port standard PoE switch \u00d7 1, 16 GB TF card \u00d7 1<\/li>\n<li class=\"product_description_item\">Power adapter included in the package<\/li>\n<\/ul>\n<h2>Datasheets<\/h2>\n<ul>\n<li><a href=\"https:\/\/securityeyes.com.au\/wordpress\/wp-content\/uploads\/2024\/04\/DS-KIS602B_Video-Intercom-Bundle_Datasheet_20240311.pdf\">SE-HIK-DS-KIS602(B) Datasheet.pdf<\/a><\/li>\n<\/ul>\n<h3><\/h3>\n","protected":false},"excerpt":{"rendered":"<p>Hikvision 2nd Gen IP Intercom Kit, 1 to 1 Modular, PSU, Surface Mount<\/p>\n","protected":false},"featured_media":1901,"template":"","meta":{"_crdt_document":"","content-type":"","_uag_custom_page_level_css":"","_themeisle_gutenberg_block_has_review":false},"product_brand":[],"product_cat":[1161,1155,26],"product_tag":[682],"class_list":{"0":"post-1899","1":"product","2":"type-product","3":"status-publish","4":"has-post-thumbnail","6":"product_cat-hikvision-ip-digital","7":"product_cat-hikvision-intercom","8":"product_cat-intercoms","9":"product_tag-hikvision","10":"_wholesalex wsx-wholesalex-product","12":"first","13":"instock","14":"taxable","15":"shipping-taxable","16":"product-type-simple"},"uagb_featured_image_src":{"full":["https:\/\/securityeyes.com.au\/wordpress\/wp-content\/uploads\/2024\/04\/\u5957\u88c5\u6548\u679c\u56fe.jpg.thumb_.1280.1280.jpg",800,446,false],"thumbnail":["https:\/\/securityeyes.com.au\/wordpress\/wp-content\/uploads\/2024\/04\/\u5957\u88c5\u6548\u679c\u56fe.jpg.thumb_.1280.1280-150x150.jpg",150,150,true],"medium":["https:\/\/securityeyes.com.au\/wordpress\/wp-content\/uploads\/2024\/04\/\u5957\u88c5\u6548\u679c\u56fe.jpg.thumb_.1280.1280-300x167.jpg",300,167,true],"medium_large":["https:\/\/securityeyes.com.au\/wordpress\/wp-content\/uploads\/2024\/04\/\u5957\u88c5\u6548\u679c\u56fe.jpg.thumb_.1280.1280-768x428.jpg",768,428,true],"large":["https:\/\/securityeyes.com.au\/wordpress\/wp-content\/uploads\/2024\/04\/\u5957\u88c5\u6548\u679c\u56fe.jpg.thumb_.1280.1280.jpg",800,446,false],"1536x1536":["https:\/\/securityeyes.com.au\/wordpress\/wp-content\/uploads\/2024\/04\/\u5957\u88c5\u6548\u679c\u56fe.jpg.thumb_.1280.1280.jpg",800,446,false],"2048x2048":["https:\/\/securityeyes.com.au\/wordpress\/wp-content\/uploads\/2024\/04\/\u5957\u88c5\u6548\u679c\u56fe.jpg.thumb_.1280.1280.jpg",800,446,false],"mailpoet_newsletter_max":["https:\/\/securityeyes.com.au\/wordpress\/wp-content\/uploads\/2024\/04\/\u5957\u88c5\u6548\u679c\u56fe.jpg.thumb_.1280.1280.jpg",800,446,false],"woocommerce_thumbnail":["https:\/\/securityeyes.com.au\/wordpress\/wp-content\/uploads\/2024\/04\/\u5957\u88c5\u6548\u679c\u56fe.jpg.thumb_.1280.1280-300x300.jpg",300,300,true],"woocommerce_single":["https:\/\/securityeyes.com.au\/wordpress\/wp-content\/uploads\/2024\/04\/\u5957\u88c5\u6548\u679c\u56fe.jpg.thumb_.1280.1280-600x335.jpg",600,335,true],"woocommerce_gallery_thumbnail":["https:\/\/securityeyes.com.au\/wordpress\/wp-content\/uploads\/2024\/04\/\u5957\u88c5\u6548\u679c\u56fe.jpg.thumb_.1280.1280-100x100.jpg",100,100,true],"dgwt-wcas-product-suggestion":["https:\/\/securityeyes.com.au\/wordpress\/wp-content\/uploads\/2024\/04\/\u5957\u88c5\u6548\u679c\u56fe.jpg.thumb_.1280.1280.jpg",64,36,false]},"uagb_author_info":{"display_name":"admin","author_link":"https:\/\/securityeyes.com.au\/wordpress\/index.php\/author\/"},"uagb_comment_info":0,"uagb_excerpt":"Hikvision 2nd Gen IP Intercom Kit, 1 to 1 Modular, PSU, Surface Mount","_links":{"self":[{"href":"https:\/\/securityeyes.com.au\/wordpress\/index.php\/wp-json\/wp\/v2\/product\/1899","targetHints":{"allow":["GET"]}}],"collection":[{"href":"https:\/\/securityeyes.com.au\/wordpress\/index.php\/wp-json\/wp\/v2\/product"}],"about":[{"href":"https:\/\/securityeyes.com.au\/wordpress\/index.php\/wp-json\/wp\/v2\/types\/product"}],"wp:featuredmedia":[{"embeddable":true,"href":"https:\/\/securityeyes.com.au\/wordpress\/index.php\/wp-json\/wp\/v2\/media\/1901"}],"wp:attachment":[{"href":"https:\/\/securityeyes.com.au\/wordpress\/index.php\/wp-json\/wp\/v2\/media?parent=1899"}],"wp:term":[{"taxonomy":"product_brand","embeddable":true,"href":"https:\/\/securityeyes.com.au\/wordpress\/index.php\/wp-json\/wp\/v2\/product_brand?post=1899"},{"taxonomy":"product_cat","embeddable":true,"href":"https:\/\/securityeyes.com.au\/wordpress\/index.php\/wp-json\/wp\/v2\/product_cat?post=1899"},{"taxonomy":"product_tag","embeddable":true,"href":"https:\/\/securityeyes.com.au\/wordpress\/index.php\/wp-json\/wp\/v2\/product_tag?post=1899"}],"curies":[{"name":"wp","href":"https:\/\/api.w.org\/{rel}","templated":true}]}}