{"id":3367,"date":"2024-06-03T14:20:57","date_gmt":"2024-06-03T04:20:57","guid":{"rendered":"https:\/\/securityeyes.com.au\/wordpress\/?post_type=product&#038;p=3367"},"modified":"2024-06-12T13:01:35","modified_gmt":"2024-06-12T03:01:35","slug":"security-eyes-6mp-ip-dome-camera-2-8-12mm-motorized","status":"publish","type":"product","link":"https:\/\/securityeyes.com.au\/wordpress\/index.php\/product\/security-eyes-6mp-ip-dome-camera-2-8-12mm-motorized\/","title":{"rendered":"6MP IP Dome Camera-2.8-12mm motorized"},"content":{"rendered":"<h2>Model: IPC6-D565S4<\/h2>\n<h3>Features:<\/h3>\n<ul>\n<li>1\/2.7&#8243;\u00a0 CMOS Sensor<\/li>\n<li>6MP (\u00a03072 \u00d7 2048 )\u00a0H.265\u00a0full real time coding<\/li>\n<li>2.8-12mm motorized Lens<\/li>\n<li>Built-in\u00a0dot matrix LED IR for Day &amp; Night vision<\/li>\n<li>Starlight<\/li>\n<li>3D DNR, WDR, HLC, BLC, smart IR<\/li>\n<li>1CH audio input; 1 CH built-in MIC<\/li>\n<li>Built-in micro SD card slot, up to 256GB<\/li>\n<li>Vandal Proof, IP-67 rated weather resistant dome<\/li>\n<li>Multi Axis for mounting at any angle<\/li>\n<li>Support POE ,\u00a0DC12V<\/li>\n<li>Support ONVIF agreement<\/li>\n<li>Support WEB configuration<\/li>\n<li>Support motion detection<\/li>\n<li>Support Intelligent Analytics *<\/li>\n<\/ul>\n<p>*Line crossing detection (human\/vehicle classification), region intrusion detection (human\/vehicle classification), abandoned\/missing object detection, video Exception (scene change, video blur and video cast detection)<\/p>\n<p>&nbsp;<\/p>\n<table width=\"100%\" cellspacing=\"0\" cellpadding=\"0\">\n<tbody>\n<tr>\n<td align=\"center\" valign=\"top\" height=\"19\">\n<h3 style=\"text-align: left;\">Specification<\/h3>\n<\/td>\n<\/tr>\n<tr>\n<td align=\"center\" valign=\"top\">\n<table id=\"tbAtt\" border=\"1\" cellspacing=\"0\" cellpadding=\"3\" align=\"center\">\n<tbody>\n<tr>\n<td class=\"Lblue specborder\" style=\"text-align: left;\" align=\"right\"><strong>Sensor:\u00a0 \u00a0<\/strong><\/td>\n<td class=\"specborder\" style=\"text-align: left;\" align=\"left\">1\/2.7&#8243; CMOS Sensor<\/td>\n<\/tr>\n<tr>\n<td class=\"Lblue specborder\" style=\"text-align: left;\" align=\"right\"><strong>Lens:\u00a0 \u00a0<\/strong><\/td>\n<td class=\"specborder\" align=\"left\">2.8-12mm motorized Lens<\/td>\n<\/tr>\n<tr>\n<td class=\"Lblue specborder\" style=\"text-align: left;\" align=\"right\"><strong>Video Processing:\u00a0 \u00a0<\/strong><\/td>\n<td class=\"specborder\" align=\"left\">H.265+ \/H.265 \/H.264+\/H.264\/MJPEG coding<\/td>\n<\/tr>\n<tr>\n<td class=\"Lblue specborder\" style=\"text-align: left;\" align=\"right\"><strong>Video Resolution:\u00a0 \u00a0<\/strong><\/td>\n<td class=\"specborder\" align=\"left\">6MP ( 3072 \u00d7 2048 ), 5MP ( 2880 \u00d7 1620 ), 4MP ( 2560 \u00d7 1440 ), 3MP ( 2304 \u00d7 1296 ), 1080P ( 1920 \u00d7 1080 ), 720P ( 1280 \u00d7 720 ), D1, 480\u00d7 240, CIF<\/td>\n<\/tr>\n<tr>\n<td class=\"Lblue specborder\" style=\"text-align: left;\" align=\"right\"><strong>Audio:\u00a0 \u00a0<\/strong><\/td>\n<td class=\"specborder\" align=\"left\">1CH audio input; 1 CH built-in MIC<\/td>\n<\/tr>\n<tr>\n<td class=\"Lblue specborder\" style=\"text-align: left;\" align=\"right\"><strong>Storage:\u00a0 \u00a0<\/strong><\/td>\n<td class=\"specborder\" align=\"left\">Built-in micro SD card slot, up to 256GB<\/td>\n<\/tr>\n<tr>\n<td class=\"Lblue specborder\" style=\"text-align: left;\" align=\"right\"><strong>Network Port:\u00a0 \u00a0<\/strong><\/td>\n<td class=\"specborder\" align=\"left\">RJ45<\/td>\n<\/tr>\n<tr>\n<td class=\"Lblue specborder\" style=\"text-align: left;\" align=\"right\"><strong>Network Protocol:\u00a0 \u00a0<\/strong><\/td>\n<td class=\"specborder\" align=\"left\">UDP, IPv4, IPv6, DHCP, NTP, RTSP, RTP, RTCP, PPPoE, DDNS, SMTP, FTP, 802.1x, SNMP, UPnP, RTMP, HTTP, HTTPs, QoS<\/td>\n<\/tr>\n<tr>\n<td class=\"Lblue specborder\" style=\"text-align: left;\" align=\"right\"><strong>Standard protocol:\u00a0 \u00a0<\/strong><\/td>\n<td class=\"specborder\" align=\"left\">Onvif<\/td>\n<\/tr>\n<tr>\n<td class=\"Lblue specborder\" style=\"text-align: left;\" align=\"right\"><strong>Intelligent Analytics:\u00a0 \u00a0<\/strong><\/td>\n<td class=\"specborder\" align=\"left\">Yes<\/td>\n<\/tr>\n<tr>\n<td class=\"Lblue specborder\" style=\"text-align: left;\" align=\"right\"><strong>Smart Event:\u00a0 \u00a0<\/strong><\/td>\n<td class=\"specborder\" align=\"left\">Video Exception (scene change, video blur and video cast detection), line crossing detection, region intrusion detection, abandoned\/missing object detection<\/td>\n<\/tr>\n<tr>\n<td class=\"Lblue specborder\" style=\"text-align: left;\" align=\"right\"><strong>Mobile Phone Monitor:\u00a0 \u00a0<\/strong><\/td>\n<td class=\"specborder\" align=\"left\">Support Iphone, Android<\/td>\n<\/tr>\n<tr>\n<td class=\"Lblue specborder\" style=\"text-align: left;\" align=\"right\"><strong>Water-proof:\u00a0 \u00a0<\/strong><\/td>\n<td class=\"specborder\" align=\"left\">IP67<\/td>\n<\/tr>\n<tr>\n<td class=\"Lblue specborder\" style=\"text-align: left;\" align=\"right\"><strong>Power source:\u00a0 \u00a0<\/strong><\/td>\n<td class=\"specborder\" align=\"left\">POE \/ DC 12V Regulated Adaptor<\/td>\n<\/tr>\n<tr>\n<td class=\"Lblue specborder\" style=\"text-align: left;\" align=\"right\"><strong>Dimension:\u00a0 \u00a0<\/strong><\/td>\n<td class=\"specborder\" style=\"text-align: left;\" align=\"left\">130(\u00d8) X 109(D) mm<\/td>\n<\/tr>\n<\/tbody>\n<\/table>\n<\/td>\n<\/tr>\n<\/tbody>\n<\/table>\n<p>&nbsp;<\/p>\n<h2>Download:<\/h2>\n<ul>\n<li><a href=\"https:\/\/securityeyes.com.au\/wordpress\/wp-content\/uploads\/2024\/06\/IPC6-D565S4.pdf\" target=\"_blank\" rel=\"noopener\">Datasheet<\/a><\/li>\n<\/ul>\n","protected":false},"excerpt":{"rendered":"<table>\n<colgroup>\n<col width=\"285\" \/><\/colgroup>\n<tbody>\n<tr>\n<td>6M Pixel, POE, White Colour, dot matrix LED IR, 2.8-12mm motorized Lens, Built-in MIC, Built-in micro SD card slot, Vandalproof, IP 67, ONVIF, 3-Axis<\/td>\n<\/tr>\n<\/tbody>\n<\/table>\n","protected":false},"featured_media":3369,"template":"","meta":{"_crdt_document":"","content-type":"","_uag_custom_page_level_css":"","_themeisle_gutenberg_block_has_review":false},"product_brand":[],"product_cat":[19,20,881],"product_tag":[1125],"class_list":{"0":"post-3367","1":"product","2":"type-product","3":"status-publish","4":"has-post-thumbnail","6":"product_cat-cctv","7":"product_cat-ip-camara","8":"product_cat-securityeyes","9":"product_tag-securityeyes","10":"_wholesalex wsx-wholesalex-product","12":"first","13":"instock","14":"taxable","15":"shipping-taxable","16":"product-type-simple"},"uagb_featured_image_src":{"full":["https:\/\/securityeyes.com.au\/wordpress\/wp-content\/uploads\/2024\/06\/IPC6-D565S4.jpg",600,380,false],"thumbnail":["https:\/\/securityeyes.com.au\/wordpress\/wp-content\/uploads\/2024\/06\/IPC6-D565S4-150x150.jpg",150,150,true],"medium":["https:\/\/securityeyes.com.au\/wordpress\/wp-content\/uploads\/2024\/06\/IPC6-D565S4-300x190.jpg",300,190,true],"medium_large":["https:\/\/securityeyes.com.au\/wordpress\/wp-content\/uploads\/2024\/06\/IPC6-D565S4.jpg",600,380,false],"large":["https:\/\/securityeyes.com.au\/wordpress\/wp-content\/uploads\/2024\/06\/IPC6-D565S4.jpg",600,380,false],"1536x1536":["https:\/\/securityeyes.com.au\/wordpress\/wp-content\/uploads\/2024\/06\/IPC6-D565S4.jpg",600,380,false],"2048x2048":["https:\/\/securityeyes.com.au\/wordpress\/wp-content\/uploads\/2024\/06\/IPC6-D565S4.jpg",600,380,false],"mailpoet_newsletter_max":["https:\/\/securityeyes.com.au\/wordpress\/wp-content\/uploads\/2024\/06\/IPC6-D565S4.jpg",600,380,false],"woocommerce_thumbnail":["https:\/\/securityeyes.com.au\/wordpress\/wp-content\/uploads\/2024\/06\/IPC6-D565S4-300x300.jpg",300,300,true],"woocommerce_single":["https:\/\/securityeyes.com.au\/wordpress\/wp-content\/uploads\/2024\/06\/IPC6-D565S4.jpg",600,380,false],"woocommerce_gallery_thumbnail":["https:\/\/securityeyes.com.au\/wordpress\/wp-content\/uploads\/2024\/06\/IPC6-D565S4-100x100.jpg",100,100,true],"dgwt-wcas-product-suggestion":["https:\/\/securityeyes.com.au\/wordpress\/wp-content\/uploads\/2024\/06\/IPC6-D565S4.jpg",64,41,false]},"uagb_author_info":{"display_name":"SecurityEyes Australia","author_link":"https:\/\/securityeyes.com.au\/wordpress\/index.php\/author\/"},"uagb_comment_info":0,"uagb_excerpt":"6M Pixel, POE, White Colour, dot matrix LED IR, 2.8-12mm motorized Lens, Built-in MIC, Built-in micro SD card slot, Vandalproof, IP 67, ONVIF, 3-Axis","_links":{"self":[{"href":"https:\/\/securityeyes.com.au\/wordpress\/index.php\/wp-json\/wp\/v2\/product\/3367","targetHints":{"allow":["GET"]}}],"collection":[{"href":"https:\/\/securityeyes.com.au\/wordpress\/index.php\/wp-json\/wp\/v2\/product"}],"about":[{"href":"https:\/\/securityeyes.com.au\/wordpress\/index.php\/wp-json\/wp\/v2\/types\/product"}],"wp:featuredmedia":[{"embeddable":true,"href":"https:\/\/securityeyes.com.au\/wordpress\/index.php\/wp-json\/wp\/v2\/media\/3369"}],"wp:attachment":[{"href":"https:\/\/securityeyes.com.au\/wordpress\/index.php\/wp-json\/wp\/v2\/media?parent=3367"}],"wp:term":[{"taxonomy":"product_brand","embeddable":true,"href":"https:\/\/securityeyes.com.au\/wordpress\/index.php\/wp-json\/wp\/v2\/product_brand?post=3367"},{"taxonomy":"product_cat","embeddable":true,"href":"https:\/\/securityeyes.com.au\/wordpress\/index.php\/wp-json\/wp\/v2\/product_cat?post=3367"},{"taxonomy":"product_tag","embeddable":true,"href":"https:\/\/securityeyes.com.au\/wordpress\/index.php\/wp-json\/wp\/v2\/product_tag?post=3367"}],"curies":[{"name":"wp","href":"https:\/\/api.w.org\/{rel}","templated":true}]}}