{"id":636,"date":"2022-01-06T19:01:34","date_gmt":"2022-01-06T09:01:34","guid":{"rendered":"https:\/\/securityeyes.com.au\/wordpress\/?post_type=product&#038;p=636"},"modified":"2024-06-12T14:02:34","modified_gmt":"2024-06-12T04:02:34","slug":"se-ipd5mp28","status":"publish","type":"product","link":"https:\/\/securityeyes.com.au\/wordpress\/index.php\/product\/se-ipd5mp28\/","title":{"rendered":"5MP IP Dome Camera"},"content":{"rendered":"<h2>Model: SE-IPD5MP28<\/h2>\n<h3>Features:<\/h3>\n<ul>\n<li>1\/2.7&#8243;\u00a0 CMOS Sensor<\/li>\n<li>5MP ( 2592 \u00d7 1944 )\u00a0H.265\u00a0full real time coding<\/li>\n<li>Built-in\u00a0dot matrix LED IR for Day &amp; Night vision<\/li>\n<li>2.8mm Mega Pixel lens<\/li>\n<li>Digital\u00a0WDR<\/li>\n<li>Built-in MIC<\/li>\n<li>IP-67 rated weather resistant dome<\/li>\n<li>Multi Axis for mounting at any angle<\/li>\n<li>Support POE ,\u00a0DC12V<\/li>\n<li>Support ONVIF agreement<\/li>\n<li>Support WEB configuration<\/li>\n<li>Support motion detection<\/li>\n<\/ul>\n<h3 style=\"text-align: left;\">Download:<\/h3>\n<ul>\n<li><a href=\"https:\/\/securityeyes.com.au\/wordpress\/wp-content\/uploads\/2022\/01\/SE-IPD5MP28.pdf\" target=\"_blank\" rel=\"noopener\"><em>Datasheet Details<\/em><\/a><\/li>\n<\/ul>\n<h3 style=\"text-align: left;\">Specifications:<\/h3>\n<table id=\"tbAtt\" class=\"alignleft\" border=\"1\" cellspacing=\"0\" cellpadding=\"3\" align=\"center\">\n<tbody>\n<tr>\n<td class=\"Lblue\" align=\"right\"><strong>Sensor:\u00a0 \u00a0<\/strong><\/td>\n<td style=\"text-align: left;\" align=\"left\">1\/3&#8243; CMOS Sensor<\/td>\n<\/tr>\n<tr>\n<td class=\"Lblue\" align=\"right\"><strong>Lens:\u00a0 \u00a0<\/strong><\/td>\n<td align=\"left\">2.8mm<\/td>\n<\/tr>\n<tr>\n<td class=\"Lblue\" align=\"right\"><strong>Video Processing:\u00a0 \u00a0<\/strong><\/td>\n<td align=\"left\">H.265 \/ H.264<\/td>\n<\/tr>\n<tr>\n<td class=\"Lblue\" align=\"right\"><strong>Video Resolution:\u00a0 \u00a0<\/strong><\/td>\n<td align=\"left\">5MP ( 2592 \u00d7 1944 ), 4MP ( 2592 \u00d7 1440 ), 1080P ( 1920 \u00d7 1080 ), 720P ( 1280 \u00d7 720 )<\/td>\n<\/tr>\n<tr>\n<td class=\"Lblue\" align=\"right\"><strong>Wide Dynamic Range:\u00a0 \u00a0<\/strong><\/td>\n<td align=\"left\">Digital WDR<\/td>\n<\/tr>\n<tr>\n<td class=\"Lblue\" align=\"right\"><strong>Audio:\u00a0 \u00a0<\/strong><\/td>\n<td align=\"left\">Built-in MIC<\/td>\n<\/tr>\n<tr>\n<td class=\"Lblue\" align=\"right\"><strong>Storage:\u00a0 \u00a0<\/strong><\/td>\n<td align=\"left\">Built-in micro SD card slot; up to 128GB<\/td>\n<\/tr>\n<tr>\n<td class=\"Lblue\" align=\"right\"><strong>Network Port:\u00a0 \u00a0<\/strong><\/td>\n<td align=\"left\">1xRJ45<\/td>\n<\/tr>\n<tr>\n<td class=\"Lblue\" align=\"right\"><strong>Network Protocol:\u00a0 \u00a0<\/strong><\/td>\n<td align=\"left\">UDP, IPv4, IPv6, DHCP, NTP, RTSP, PPPoE, DDNS, SMTP, FTP, 802.1x, UPnP, QoS<\/td>\n<\/tr>\n<tr>\n<td class=\"Lblue\" align=\"right\"><strong>Standard protocol:\u00a0 \u00a0<\/strong><\/td>\n<td align=\"left\">Onvif<\/td>\n<\/tr>\n<tr>\n<td class=\"Lblue\" align=\"right\"><strong>Mobile Phone Monitor:\u00a0 \u00a0<\/strong><\/td>\n<td align=\"left\">Support Iphone, Android<\/td>\n<\/tr>\n<tr>\n<td class=\"Lblue\" align=\"right\"><strong>Water-proof:\u00a0 \u00a0<\/strong><\/td>\n<td align=\"left\">IP67<\/td>\n<\/tr>\n<tr>\n<td class=\"Lblue\" align=\"right\"><strong>Power source:\u00a0 \u00a0<\/strong><\/td>\n<td align=\"left\">POE \/ DC 12V Regulated Adaptor<\/td>\n<\/tr>\n<tr>\n<td class=\"Lblue\" align=\"right\"><strong>Dimension:\u00a0 \u00a0<\/strong><\/td>\n<td align=\"left\">108(\u00d8) X 95.7(D) mm<\/td>\n<\/tr>\n<\/tbody>\n<\/table>\n<p>&nbsp;<\/p>\n","protected":false},"excerpt":{"rendered":"<p>5M Pixel, POE, White Colour, dot matrix LED IR, 2.8mm Lens, Vandalproof, IP 67, ONVIF, built-in MIC, Built-in micro SD card slot,3-Axis<\/p>\n","protected":false},"featured_media":639,"template":"","meta":{"_crdt_document":"","content-type":"","_uag_custom_page_level_css":"","_themeisle_gutenberg_block_has_review":false},"product_brand":[],"product_cat":[19,20,881],"product_tag":[1125],"class_list":{"0":"post-636","1":"product","2":"type-product","3":"status-publish","4":"has-post-thumbnail","6":"product_cat-cctv","7":"product_cat-ip-camara","8":"product_cat-securityeyes","9":"product_tag-securityeyes","10":"_wholesalex wsx-wholesalex-product","12":"first","13":"instock","14":"taxable","15":"shipping-taxable","16":"product-type-variable","17":"has-default-attributes"},"uagb_featured_image_src":{"full":["https:\/\/securityeyes.com.au\/wordpress\/wp-content\/uploads\/2022\/01\/SE-IPD5MP2.jpg",600,380,false],"thumbnail":["https:\/\/securityeyes.com.au\/wordpress\/wp-content\/uploads\/2022\/01\/SE-IPD5MP2-150x150.jpg",150,150,true],"medium":["https:\/\/securityeyes.com.au\/wordpress\/wp-content\/uploads\/2022\/01\/SE-IPD5MP2-300x190.jpg",300,190,true],"medium_large":["https:\/\/securityeyes.com.au\/wordpress\/wp-content\/uploads\/2022\/01\/SE-IPD5MP2.jpg",600,380,false],"large":["https:\/\/securityeyes.com.au\/wordpress\/wp-content\/uploads\/2022\/01\/SE-IPD5MP2.jpg",600,380,false],"1536x1536":["https:\/\/securityeyes.com.au\/wordpress\/wp-content\/uploads\/2022\/01\/SE-IPD5MP2.jpg",600,380,false],"2048x2048":["https:\/\/securityeyes.com.au\/wordpress\/wp-content\/uploads\/2022\/01\/SE-IPD5MP2.jpg",600,380,false],"mailpoet_newsletter_max":["https:\/\/securityeyes.com.au\/wordpress\/wp-content\/uploads\/2022\/01\/SE-IPD5MP2.jpg",600,380,false],"woocommerce_thumbnail":["https:\/\/securityeyes.com.au\/wordpress\/wp-content\/uploads\/2022\/01\/SE-IPD5MP2-300x300.jpg",300,300,true],"woocommerce_single":["https:\/\/securityeyes.com.au\/wordpress\/wp-content\/uploads\/2022\/01\/SE-IPD5MP2.jpg",600,380,false],"woocommerce_gallery_thumbnail":["https:\/\/securityeyes.com.au\/wordpress\/wp-content\/uploads\/2022\/01\/SE-IPD5MP2-100x100.jpg",100,100,true],"dgwt-wcas-product-suggestion":["https:\/\/securityeyes.com.au\/wordpress\/wp-content\/uploads\/2022\/01\/SE-IPD5MP2.jpg",64,41,false]},"uagb_author_info":{"display_name":"admin","author_link":"https:\/\/securityeyes.com.au\/wordpress\/index.php\/author\/"},"uagb_comment_info":0,"uagb_excerpt":"5M Pixel, POE, White Colour, dot matrix LED IR, 2.8mm Lens, Vandalproof, IP 67, ONVIF, built-in MIC, Built-in micro SD card slot,3-Axis","_links":{"self":[{"href":"https:\/\/securityeyes.com.au\/wordpress\/index.php\/wp-json\/wp\/v2\/product\/636","targetHints":{"allow":["GET"]}}],"collection":[{"href":"https:\/\/securityeyes.com.au\/wordpress\/index.php\/wp-json\/wp\/v2\/product"}],"about":[{"href":"https:\/\/securityeyes.com.au\/wordpress\/index.php\/wp-json\/wp\/v2\/types\/product"}],"wp:featuredmedia":[{"embeddable":true,"href":"https:\/\/securityeyes.com.au\/wordpress\/index.php\/wp-json\/wp\/v2\/media\/639"}],"wp:attachment":[{"href":"https:\/\/securityeyes.com.au\/wordpress\/index.php\/wp-json\/wp\/v2\/media?parent=636"}],"wp:term":[{"taxonomy":"product_brand","embeddable":true,"href":"https:\/\/securityeyes.com.au\/wordpress\/index.php\/wp-json\/wp\/v2\/product_brand?post=636"},{"taxonomy":"product_cat","embeddable":true,"href":"https:\/\/securityeyes.com.au\/wordpress\/index.php\/wp-json\/wp\/v2\/product_cat?post=636"},{"taxonomy":"product_tag","embeddable":true,"href":"https:\/\/securityeyes.com.au\/wordpress\/index.php\/wp-json\/wp\/v2\/product_tag?post=636"}],"curies":[{"name":"wp","href":"https:\/\/api.w.org\/{rel}","templated":true}]}}