{"id":7603,"date":"2025-07-31T14:47:22","date_gmt":"2025-07-31T04:47:22","guid":{"rendered":"https:\/\/securityeyes.com.au\/wordpress\/?post_type=product&#038;p=7603"},"modified":"2025-07-31T14:47:22","modified_gmt":"2025-07-31T04:47:22","slug":"dahua-8mp-ir-vari-focal-dome-wizsense-network-camera","status":"publish","type":"product","link":"https:\/\/securityeyes.com.au\/wordpress\/index.php\/product\/dahua-8mp-ir-vari-focal-dome-wizsense-network-camera\/","title":{"rendered":"Dahua 8MP IR Vari-focal Dome WizSense Network Camera"},"content":{"rendered":"<blockquote><p>8-MP 1\/2.8&#8243; CMOS image sensor, excellent low luminance performance and high definition of images.<br \/>\n&gt; Outputs max. 8MP (3840 \u00d7 2160) @25\/30 fps.<br \/>\n&gt; H.265 codec, high compression rate, ultra-low bit rate.<br \/>\n&gt; Built-in IR LED, max. IR distance: 40 m.<br \/>\n&gt; ROI, SMART H.264 +\/H.265+, AI H.264\/H.265, flexible coding, applicable to various bandwidth and storage environments.<br \/>\n&gt; Rotation mode, WDR, 3D NR, HLC, BLC, digital watermarking, applicable to various monitoring scenes.<br \/>\n&gt; Intelligent detection: Intrusion, tripwire (support the classification and accurate detection of vehicle and human).<br \/>\n&gt; Abnormality detection: Motion detection, privacy masking, scene changing, audio detection, no SD card, SD card full, SD card error, network disconnection, IP conflict, illegal access, and voltage detection.<br \/>\n&gt; Alarm: 1 in, 1 out (Only &#8211; ZAS supports); audio: 1 in, 1 out (Only &#8211; ZAS supports); max. 256 G Micro SD card; built-in Mic.<br \/>\n&gt; 12 VDC\/PoE power supply facilitates installation.<br \/>\n&gt; IP67, IK10 protection.<br \/>\n&gt; SMD 4.0, AI SSA.<\/p><\/blockquote>\n<h3>Specifications<\/h3>\n<table id=\"table001\" class=\"NEW-TABLE TableOverride-1 tab-drag\">\n<tbody>\n<tr>\n<td colspan=\"60\"><strong>Camera<\/strong><\/td>\n<\/tr>\n<tr>\n<td colspan=\"18\">Image Sensor<\/td>\n<td colspan=\"42\">1\/2.8&#8243; CMOS<\/td>\n<\/tr>\n<tr>\n<td colspan=\"18\">Max. Resolution<\/td>\n<td colspan=\"42\">3840 (H) \u00d7 2160 (V)<\/td>\n<\/tr>\n<tr>\n<td colspan=\"18\">ROM<\/td>\n<td colspan=\"42\">128 MB<\/td>\n<\/tr>\n<tr>\n<td colspan=\"18\">RAM<\/td>\n<td colspan=\"42\">1 GB<\/td>\n<\/tr>\n<tr>\n<td colspan=\"18\">Scanning System<\/td>\n<td colspan=\"42\">Progressive<\/td>\n<\/tr>\n<tr>\n<td colspan=\"18\">Electronic Shutter Speed<\/td>\n<td colspan=\"42\">Auto\/Manual 1\/3 s\u20131\/100,000 s<\/td>\n<\/tr>\n<tr>\n<td colspan=\"18\">Min. Illumination<\/td>\n<td colspan=\"42\">0.007 lux@F1.5 (Color, 30 IRE)<br \/>\n0.0007 lux@F1.5 (B\/W, 30 IRE)<br \/>\n0 lux (Illuminator on)<\/td>\n<\/tr>\n<tr>\n<td colspan=\"18\">S\/N Ratio<\/td>\n<td colspan=\"42\"><span lang=\"zh-CN\">&gt;<\/span>56 dB<\/td>\n<\/tr>\n<tr>\n<td colspan=\"18\">Illumination Distance<\/td>\n<td colspan=\"42\">40 m (131.23 ft)<\/td>\n<\/tr>\n<tr>\n<td colspan=\"18\">Illuminator On\/Off Control<\/td>\n<td colspan=\"42\">Auto\/Manual<\/td>\n<\/tr>\n<tr>\n<td colspan=\"18\">Illuminator Number<\/td>\n<td colspan=\"42\">3 (IR LED)<\/td>\n<\/tr>\n<tr>\n<td colspan=\"18\">Pan\/Tilt\/Rotation Range<\/td>\n<td colspan=\"42\">Pan: 0\u00b0\u2013355\u00b0; Tilt: 0\u00b0\u201380\u00b0; Rotation: 0\u00b0\u2013355\u00b0<\/td>\n<\/tr>\n<tr>\n<td colspan=\"60\"><strong>Lens<\/strong><\/td>\n<\/tr>\n<tr>\n<td colspan=\"18\">Lens Type<\/td>\n<td colspan=\"42\">Motorized vari-focal<\/td>\n<\/tr>\n<tr>\n<td colspan=\"18\">Lens Mount<\/td>\n<td colspan=\"42\">\u03c614<\/td>\n<\/tr>\n<tr>\n<td colspan=\"18\">Focal Length<\/td>\n<td colspan=\"42\">2.7 mm\u201313.5 mm<\/td>\n<\/tr>\n<tr>\n<td colspan=\"18\">Max. Aperture<\/td>\n<td colspan=\"42\">F1.5<\/td>\n<\/tr>\n<tr>\n<td colspan=\"18\">Field of View<\/td>\n<td colspan=\"42\">Horizontal: 109\u00b0\u201330\u00b0<br \/>\nVertical: 56\u00b0 \u201317\u00b0<br \/>\nDiagonal: 131\u00b0 \u201335\u00b0<\/td>\n<\/tr>\n<tr>\n<td colspan=\"18\">Iris Control<\/td>\n<td colspan=\"42\">Fixed<\/td>\n<\/tr>\n<tr>\n<td colspan=\"18\">Close Focus Distance<\/td>\n<td colspan=\"42\">0.8 m (2.62 ft)<\/td>\n<\/tr>\n<tr>\n<td colspan=\"18\" rowspan=\"3\">DORI Distance<\/td>\n<td colspan=\"8\">Lens<\/td>\n<td colspan=\"8\">Detect<\/td>\n<td colspan=\"8\">Observe<\/td>\n<td colspan=\"8\">Recognize<\/td>\n<td colspan=\"10\">Identify<\/td>\n<\/tr>\n<tr>\n<td colspan=\"8\">W<\/td>\n<td colspan=\"8\">88.3 m<br \/>\n(289.70 ft)<\/td>\n<td colspan=\"8\">35.3 m<br \/>\n(115.81 ft)<\/td>\n<td colspan=\"8\">17.7 m<br \/>\n(58.07 ft)<\/td>\n<td colspan=\"10\">8.8 m<br \/>\n(28.87 ft)<\/td>\n<\/tr>\n<tr>\n<td colspan=\"8\">T<\/td>\n<td colspan=\"8\">289.7 m<br \/>\n(950.46 ft)<\/td>\n<td colspan=\"8\">115.7 m<br \/>\n(379.60 ft)<\/td>\n<td colspan=\"8\">57.9 m<br \/>\n(189.96 ft)<\/td>\n<td colspan=\"10\">29.0 m<br \/>\n(95.14 ft)<\/td>\n<\/tr>\n<tr>\n<td colspan=\"60\"><strong>Intelligence<\/strong><\/td>\n<\/tr>\n<tr>\n<td colspan=\"18\">IVS (Perimeter Protection)<\/td>\n<td colspan=\"42\">Tripwire, intrusion (support the classification and accurate detection of vehicle and human)<\/td>\n<\/tr>\n<tr>\n<td colspan=\"18\">AI SSA<\/td>\n<td colspan=\"42\">Yes<\/td>\n<\/tr>\n<tr>\n<td colspan=\"18\">Quick Pick<\/td>\n<td colspan=\"42\">With AI NVR, quickly pick up the human\/vehicle targets that users are interested in from SMD events<\/td>\n<\/tr>\n<tr>\n<td colspan=\"18\">Smart Search<\/td>\n<td colspan=\"42\">Work together with Smart NVR to perform refine intelligent search, event extraction and merging to event videos<\/td>\n<\/tr>\n<tr>\n<td colspan=\"60\"><strong>Video<\/strong><\/td>\n<\/tr>\n<tr>\n<td colspan=\"18\">Video Compression<\/td>\n<td colspan=\"42\">H.265; H.264; H.264H; H.264B; MJPEG (only supported by the sub stream)<\/td>\n<\/tr>\n<tr>\n<td colspan=\"18\">Smart Codec<\/td>\n<td colspan=\"42\">Smart H.265+<br \/>\nSmart H.264+<\/td>\n<\/tr>\n<tr>\n<td colspan=\"18\">AI Coding<\/td>\n<td colspan=\"42\">AI H.265<br \/>\nAI H.264<\/td>\n<\/tr>\n<tr>\n<td colspan=\"18\">Video Frame Rate<\/td>\n<td colspan=\"42\">Main stream: 3840 \u00d7 2160 @ (1\u201325\/30) fps<br \/>\nSub stream 1: 704 \u00d7 576 @ (1\u201325 fps)\/704 \u00d7 480 @ (1\u201330 fps)<br \/>\nSub stream 2: 1920 \u00d7 1080 @ (1\u201325\/30 fps)<\/p>\n<p>*The values above are the max. frame rates of each stream; for multiple streams, the values will be subjected to the total encoding capacity<\/td>\n<\/tr>\n<tr>\n<td colspan=\"18\">Stream Capability<\/td>\n<td colspan=\"42\">3 streams<\/td>\n<\/tr>\n<tr>\n<td colspan=\"18\">Resolution<\/td>\n<td colspan=\"42\">8M (3840 \u00d7 2160); 6M (3072 \u00d7 2048); 5M (3072 \u00d7<br \/>\n1728\/2592 \u00d7 1944); 4M (2688 \u00d7 1520); 3.6M (2560 \u00d7 1440); 3M (2048 \u00d7 1536); 3M (2304 \u00d7 1296); 1080p (1920 \u00d7 1080); 1.3M(1280 \u00d7 960); 720p (1280 \u00d7 720); D1 (704 \u00d7 576\/704 \u00d7 480); CIF (352 \u00d7 288\/352 \u00d7 240); VGA (640 \u00d7 480)<\/td>\n<\/tr>\n<tr>\n<td colspan=\"18\">Bit Rate Control<\/td>\n<td colspan=\"42\">CBR\/VBR<\/td>\n<\/tr>\n<tr>\n<td colspan=\"18\">Video Bit Rate<\/td>\n<td colspan=\"42\">H.264: 3 kbps\u20138192 kbps<br \/>\nH.265: 3 kbps\u20138192 kbps<\/td>\n<\/tr>\n<tr>\n<td colspan=\"18\">Day\/Night<\/td>\n<td colspan=\"42\">Auto (ICR)\/Color\/B\/W<\/td>\n<\/tr>\n<tr>\n<td colspan=\"18\">BLC<\/td>\n<td colspan=\"42\">Yes<\/td>\n<\/tr>\n<tr>\n<td colspan=\"18\">HLC<\/td>\n<td colspan=\"42\">Yes<\/td>\n<\/tr>\n<tr>\n<td colspan=\"18\">WDR<\/td>\n<td colspan=\"42\">120 dB<\/td>\n<\/tr>\n<tr>\n<td colspan=\"18\">Scene Self-adaptation (SSA)<\/td>\n<td colspan=\"42\">Yes<\/td>\n<\/tr>\n<tr>\n<td colspan=\"18\">White Balance<\/td>\n<td colspan=\"42\">Auto; natural; street lamp; outdoor; manual; regional custom<\/td>\n<\/tr>\n<tr>\n<td colspan=\"18\">Gain Control<\/td>\n<td colspan=\"42\">Auto<\/td>\n<\/tr>\n<tr>\n<td colspan=\"18\">Noise Reduction<\/td>\n<td colspan=\"42\">3D NR<\/td>\n<\/tr>\n<tr>\n<td colspan=\"18\">Motion Detection<\/td>\n<td colspan=\"42\">OFF\/ON (4 areas, rectangular)<\/td>\n<\/tr>\n<tr>\n<td colspan=\"18\">Image Stabilization<\/td>\n<td colspan=\"42\">Electronic Image Stabilization (EIS)<\/td>\n<\/tr>\n<tr>\n<td colspan=\"18\">Region of Interest (RoI)<\/td>\n<td colspan=\"42\">Yes (4 areas)<\/td>\n<\/tr>\n<tr>\n<td colspan=\"18\">Defog<\/td>\n<td colspan=\"42\">Yes<\/td>\n<\/tr>\n<tr>\n<td colspan=\"18\">AFSA<\/td>\n<td colspan=\"42\">Yes<\/td>\n<\/tr>\n<tr>\n<td colspan=\"18\">Image Rotation<\/td>\n<td colspan=\"42\">0\u00b0\/90\u00b0\/180\u00b0\/270\u00b0 (support 90\u00b0\/270\u00b0 with 2688 \u00d7 1520 resolution and lower)<\/td>\n<\/tr>\n<tr>\n<td colspan=\"18\">Mirror<\/td>\n<td colspan=\"42\">Yes<\/td>\n<\/tr>\n<tr>\n<td colspan=\"18\">Privacy Masking<\/td>\n<td colspan=\"42\">4 areas<\/td>\n<\/tr>\n<tr>\n<td colspan=\"60\"><strong>Audio<\/strong><\/td>\n<\/tr>\n<tr>\n<td colspan=\"18\">Built-in MIC<\/td>\n<td colspan=\"42\">Yes<\/td>\n<\/tr>\n<tr>\n<td colspan=\"18\">Audio Compression<\/td>\n<td colspan=\"42\">G.711a; G.711Mu; PCM; G.726; G.723<\/td>\n<\/tr>\n<tr>\n<td colspan=\"60\"><strong>Alarm<\/strong><\/td>\n<\/tr>\n<tr>\n<td colspan=\"18\">Alarm Event<\/td>\n<td colspan=\"42\">-ZAS:<\/p>\n<p>No SD card; SD card full; SD card error; service life warning (only supported by Dahua card); network disconnection; IP conflict; illegal access; motion detection; video tampering; intrusion; tripwire; scene changing; audio detection; voltage detection; defocus detection; external alarm; SMD; safety exception<\/p>\n<p>-ZS:<\/p>\n<p>No SD card; SD card full; SD card error; service life warning (only supported by Dahua card); network disconnection; IP conflict; illegal access; motion detection; video tampering; intrusion; tripwire; scene changing; audio detection; voltage detection; defocus detection; SMD; safety exception<\/td>\n<\/tr>\n<tr>\n<td colspan=\"60\"><strong>Network<\/strong><\/td>\n<\/tr>\n<tr>\n<td colspan=\"18\">Network Port<\/td>\n<td colspan=\"42\">RJ-45 (10\/100 Base-T)<\/td>\n<\/tr>\n<tr>\n<td colspan=\"18\">SDK and API<\/td>\n<td colspan=\"42\">Yes<\/td>\n<\/tr>\n<tr>\n<td colspan=\"18\">Network Protocol<\/td>\n<td colspan=\"42\">IPv4; IPv6; HTTP;TCP; UDP; ARP; RTP; RTSP; RTCP; RTMP; SMTP; FTP; SFTP; DHCP; DNS; DDNS; QoS; UPnP; NTP; Multicast; ICMP; IGMP; NFS; SAMBA; PPPoE; SNMP<\/td>\n<\/tr>\n<tr>\n<td colspan=\"18\">Cyber Security<\/td>\n<td colspan=\"42\">Video encryption; Firmware encryption; Configuration encryption; Digest; WSSE; Account lockout; Security logs; IP\/MAC filtering; Generation and importing of X.509 certification; syslog; HTTPS; 802.1x; Trusted boot; Trusted execution; Trusted upgrade<\/td>\n<\/tr>\n<tr>\n<td colspan=\"18\">Interoperability<\/td>\n<td colspan=\"42\">ONVIF (Profile S\/Profile G\/Profile T); CGI; P2P; Milestone; Genetec<\/td>\n<\/tr>\n<tr>\n<td colspan=\"18\">User\/Host<\/td>\n<td colspan=\"42\">20 (Total bandwidth: 64 M)<\/td>\n<\/tr>\n<tr>\n<td colspan=\"18\">Storage<\/td>\n<td colspan=\"42\">FTP; SFTP; Micro SD card (support max. 256 G); NAS<\/td>\n<\/tr>\n<tr>\n<td colspan=\"18\">Browser<\/td>\n<td colspan=\"42\">IE: IE11<br \/>\nChrome<br \/>\nFirefox<\/td>\n<\/tr>\n<tr>\n<td colspan=\"18\">Management Software<\/td>\n<td colspan=\"42\">Smart PSS; DSS; DMSS<\/td>\n<\/tr>\n<tr>\n<td colspan=\"18\">Mobile Client<\/td>\n<td colspan=\"42\">IOS; Android<\/td>\n<\/tr>\n<tr>\n<td colspan=\"60\"><strong>Certification<\/strong><\/td>\n<\/tr>\n<tr>\n<td colspan=\"18\">Certifications<\/td>\n<td colspan=\"42\">CE-LVD: EN62368-1;<br \/>\nCE-EMC: Electromagnetic Compatibility Directive 2014\/30\/EU;<br \/>\nFCC:47 CFR FCC Part 15, Subpart B;<br \/>\nUL\/CUL: UL62368-1 &amp; CAN\/CSA C22.2 No. 62368-1-14<\/td>\n<\/tr>\n<tr>\n<td colspan=\"60\"><strong>Port<\/strong><\/td>\n<\/tr>\n<tr>\n<td colspan=\"18\">Audio Input<\/td>\n<td colspan=\"42\">1 channel (RCA port) (Only &#8211; ZAS supports)<\/td>\n<\/tr>\n<tr>\n<td colspan=\"18\">Audio Output<\/td>\n<td colspan=\"42\">1 channel (RCA port) (Only &#8211; ZAS supports)<\/td>\n<\/tr>\n<tr>\n<td colspan=\"18\">Alarm Input<\/td>\n<td colspan=\"42\">1 channel in: 5 mA 3\u20135 VDC (Only &#8211; ZAS supports)<\/td>\n<\/tr>\n<tr>\n<td colspan=\"18\">Alarm Output<\/td>\n<td colspan=\"42\">1 channel out: 300 mA 12 VDC (Only &#8211; ZAS supports)<\/td>\n<\/tr>\n<tr>\n<td colspan=\"60\"><strong>Power<\/strong><\/td>\n<\/tr>\n<tr>\n<td colspan=\"18\">Power Supply<\/td>\n<td colspan=\"42\">12 VDC\/PoE (802.3af)<\/td>\n<\/tr>\n<tr>\n<td colspan=\"18\">Power Consumption<\/td>\n<td colspan=\"42\">Basic: 4 W (12 VDC); 4.9 W (PoE)<br \/>\nMax. (WDR + IR intensity + Intelligence): 9.2 W (12 VDC); 10.5 W (PoE)<\/td>\n<\/tr>\n<tr>\n<td colspan=\"60\"><strong>Environment<\/strong><\/td>\n<\/tr>\n<tr>\n<td colspan=\"18\">Operating Temperature<\/td>\n<td colspan=\"42\">\u201330 \u00b0C to +60 \u00b0C (\u201322 \u00b0F to 140 \u00b0F) \/Less than 95% RH<\/td>\n<\/tr>\n<tr>\n<td colspan=\"18\">Storage Temperature<\/td>\n<td colspan=\"42\">\u201340 \u00b0C to +60 \u00b0C (\u201340 \u00b0F to 140 \u00b0F)<\/td>\n<\/tr>\n<tr>\n<td colspan=\"18\">Protection<\/td>\n<td colspan=\"42\">IP67; IK10<\/td>\n<\/tr>\n<tr>\n<td colspan=\"60\"><strong>Structure<\/strong><\/td>\n<\/tr>\n<tr>\n<td colspan=\"18\">Casing<\/td>\n<td colspan=\"42\">Metal<\/td>\n<\/tr>\n<tr>\n<td colspan=\"18\">Product Dimensions<\/td>\n<td colspan=\"42\">94 mm \u00d7 \u03a6122 mm (3.7&#8243; \u00d7 \u03a64.8&#8243;)<\/td>\n<\/tr>\n<tr>\n<td colspan=\"18\">Net Weight<\/td>\n<td colspan=\"42\">713 g (1.57 lb)<\/td>\n<\/tr>\n<tr>\n<td colspan=\"18\">Gross Weight<\/td>\n<td colspan=\"42\">986 g (2.17lb)<\/td>\n<\/tr>\n<\/tbody>\n<\/table>\n<h3>Downloads<\/h3>\n<p><a href=\"https:\/\/securityeyes.com.au\/wordpress\/wp-content\/uploads\/2025\/07\/DH-IPC-HDBW3866RP-ZAS-AUS.pdf\">DH-IPC-HDBW3866RP-ZAS-AUS<\/a><\/p>\n","protected":false},"excerpt":{"rendered":"<p>Dahua 8MP IR Vari-focal Dome WizSense Network Camera<\/p>\n","protected":false},"featured_media":7605,"template":"","meta":{"_crdt_document":"","content-type":"","_uag_custom_page_level_css":"","_themeisle_gutenberg_block_has_review":false},"product_brand":[],"product_cat":[19,878,20],"product_tag":[335],"class_list":{"0":"post-7603","1":"product","2":"type-product","3":"status-publish","4":"has-post-thumbnail","6":"product_cat-cctv","7":"product_cat-dahua","8":"product_cat-ip-camara","9":"product_tag-dahua","10":"_wholesalex wsx-wholesalex-product","12":"first","13":"instock","14":"taxable","15":"shipping-taxable","16":"product-type-simple"},"uagb_featured_image_src":{"full":["https:\/\/securityeyes.com.au\/wordpress\/wp-content\/uploads\/2025\/07\/dz13_thumb.png",400,400,false],"thumbnail":["https:\/\/securityeyes.com.au\/wordpress\/wp-content\/uploads\/2025\/07\/dz13_thumb-150x150.png",150,150,true],"medium":["https:\/\/securityeyes.com.au\/wordpress\/wp-content\/uploads\/2025\/07\/dz13_thumb-300x300.png",300,300,true],"medium_large":["https:\/\/securityeyes.com.au\/wordpress\/wp-content\/uploads\/2025\/07\/dz13_thumb.png",400,400,false],"large":["https:\/\/securityeyes.com.au\/wordpress\/wp-content\/uploads\/2025\/07\/dz13_thumb.png",400,400,false],"1536x1536":["https:\/\/securityeyes.com.au\/wordpress\/wp-content\/uploads\/2025\/07\/dz13_thumb.png",400,400,false],"2048x2048":["https:\/\/securityeyes.com.au\/wordpress\/wp-content\/uploads\/2025\/07\/dz13_thumb.png",400,400,false],"mailpoet_newsletter_max":["https:\/\/securityeyes.com.au\/wordpress\/wp-content\/uploads\/2025\/07\/dz13_thumb.png",400,400,false],"woocommerce_thumbnail":["https:\/\/securityeyes.com.au\/wordpress\/wp-content\/uploads\/2025\/07\/dz13_thumb-300x300.png",300,300,true],"woocommerce_single":["https:\/\/securityeyes.com.au\/wordpress\/wp-content\/uploads\/2025\/07\/dz13_thumb.png",400,400,false],"woocommerce_gallery_thumbnail":["https:\/\/securityeyes.com.au\/wordpress\/wp-content\/uploads\/2025\/07\/dz13_thumb-100x100.png",100,100,true],"dgwt-wcas-product-suggestion":["https:\/\/securityeyes.com.au\/wordpress\/wp-content\/uploads\/2025\/07\/dz13_thumb-64x64.png",64,64,true]},"uagb_author_info":{"display_name":"Jon","author_link":"https:\/\/securityeyes.com.au\/wordpress\/index.php\/author\/"},"uagb_comment_info":0,"uagb_excerpt":"Dahua 8MP IR Vari-focal Dome WizSense Network Camera","_links":{"self":[{"href":"https:\/\/securityeyes.com.au\/wordpress\/index.php\/wp-json\/wp\/v2\/product\/7603","targetHints":{"allow":["GET"]}}],"collection":[{"href":"https:\/\/securityeyes.com.au\/wordpress\/index.php\/wp-json\/wp\/v2\/product"}],"about":[{"href":"https:\/\/securityeyes.com.au\/wordpress\/index.php\/wp-json\/wp\/v2\/types\/product"}],"wp:featuredmedia":[{"embeddable":true,"href":"https:\/\/securityeyes.com.au\/wordpress\/index.php\/wp-json\/wp\/v2\/media\/7605"}],"wp:attachment":[{"href":"https:\/\/securityeyes.com.au\/wordpress\/index.php\/wp-json\/wp\/v2\/media?parent=7603"}],"wp:term":[{"taxonomy":"product_brand","embeddable":true,"href":"https:\/\/securityeyes.com.au\/wordpress\/index.php\/wp-json\/wp\/v2\/product_brand?post=7603"},{"taxonomy":"product_cat","embeddable":true,"href":"https:\/\/securityeyes.com.au\/wordpress\/index.php\/wp-json\/wp\/v2\/product_cat?post=7603"},{"taxonomy":"product_tag","embeddable":true,"href":"https:\/\/securityeyes.com.au\/wordpress\/index.php\/wp-json\/wp\/v2\/product_tag?post=7603"}],"curies":[{"name":"wp","href":"https:\/\/api.w.org\/{rel}","templated":true}]}}